{"id":451,"date":"2024-09-28T15:27:42","date_gmt":"2024-09-28T15:27:42","guid":{"rendered":"https:\/\/projecthybrids.com\/sonjastreck\/?page_id=451"},"modified":"2024-09-29T05:22:14","modified_gmt":"2024-09-29T05:22:14","slug":"manifesta-re-taci-anzi-parla","status":"publish","type":"page","link":"https:\/\/projecthybrids.com\/sonjastreck\/manifesta-re-taci-anzi-parla\/","title":{"rendered":"MANIFESTA\/re Taci anzi parla"},"content":{"rendered":"\n<h2 class=\"wp-block-heading\">MANIFESTA\/re Taci anzi parla<\/h2>\n\n\n\n<p><em>per una svolta nella celebrazione dell&#8217;8 marzo 2024 ispirata da CHRISTINE de Pizan, 1364-1429 con uno sguardo a Marinetti e alla sua prima serata futurista<\/em><\/p>\n\n\n\n<figure class=\"wp-block-image alignwide size-large\"><img data-recalc-dims=\"1\" loading=\"lazy\" decoding=\"async\" width=\"950\" height=\"655\" src=\"https:\/\/i0.wp.com\/projecthybrids.com\/sonjastreck\/wp-content\/uploads\/2024\/09\/Manifesta-re.jpg?resize=950%2C655&#038;ssl=1\" alt=\"\" class=\"wp-image-455\" srcset=\"https:\/\/i0.wp.com\/projecthybrids.com\/sonjastreck\/wp-content\/uploads\/2024\/09\/Manifesta-re-scaled.jpg?resize=1024%2C706&amp;ssl=1 1024w, https:\/\/i0.wp.com\/projecthybrids.com\/sonjastreck\/wp-content\/uploads\/2024\/09\/Manifesta-re-scaled.jpg?resize=300%2C207&amp;ssl=1 300w, https:\/\/i0.wp.com\/projecthybrids.com\/sonjastreck\/wp-content\/uploads\/2024\/09\/Manifesta-re-scaled.jpg?resize=2000%2C1379&amp;ssl=1 2000w, https:\/\/i0.wp.com\/projecthybrids.com\/sonjastreck\/wp-content\/uploads\/2024\/09\/Manifesta-re-scaled.jpg?resize=1536%2C1059&amp;ssl=1 1536w, https:\/\/i0.wp.com\/projecthybrids.com\/sonjastreck\/wp-content\/uploads\/2024\/09\/Manifesta-re-scaled.jpg?w=1900&amp;ssl=1 1900w\" sizes=\"auto, (max-width: 950px) 100vw, 950px\" \/><\/figure>\n\n\n\n<div style=\"height:34px\" aria-hidden=\"true\" class=\"wp-block-spacer\"><\/div>\n\n\n\n<p>ARTISTE<\/p>\n\n\n\n<p>Eliana Adorno, Triana Ari\u00e8, Tiziana Blanco, Antonella Casazza, Margherita Davi, Adolfina De Stefani, Daniela Di Mase, Marina Falco, Antonella Fiorillo, Loredana Galante, Antonietta Grandesso, Carla Iacono, Myriam Laguia &amp; Analia I Beltran Jan\u00e9s, Margherita Levo Rosemberg, Sabrina Marotta, Luisa Mazza, Melarance, Marit\u00e8 Bortoletto, Silvia Martini, Micaela Spinazz\u00e8, Franca Monzani Morandi, Margherita Morgantin,Tiziana Morstabilini, Isabel Oprandi, Angela Passarello, Giusva Pecoraino, Paola Rando, Sandra Rizza, Roberta Rizzi, Mirella Rossomando, Mela Salemi, Evelina Schatz Shobha, <strong>Sonja Streck<\/strong> , Feuei Tola, Rosa Rita Virgillito, Grace Zanotto.<\/p>\n\n\n\n<div style=\"height:31px\" aria-hidden=\"true\" class=\"wp-block-spacer\"><\/div>\n\n\n\n<figure class=\"wp-block-image aligncenter size-large\"><img data-recalc-dims=\"1\" loading=\"lazy\" decoding=\"async\" width=\"950\" height=\"950\" src=\"https:\/\/i0.wp.com\/projecthybrids.com\/sonjastreck\/wp-content\/uploads\/2024\/09\/manifesta-1.jpeg?resize=950%2C950&#038;ssl=1\" alt=\"\" class=\"wp-image-480\" srcset=\"https:\/\/i0.wp.com\/projecthybrids.com\/sonjastreck\/wp-content\/uploads\/2024\/09\/manifesta-1.jpeg?resize=1024%2C1024&amp;ssl=1 1024w, https:\/\/i0.wp.com\/projecthybrids.com\/sonjastreck\/wp-content\/uploads\/2024\/09\/manifesta-1.jpeg?resize=300%2C300&amp;ssl=1 300w, https:\/\/i0.wp.com\/projecthybrids.com\/sonjastreck\/wp-content\/uploads\/2024\/09\/manifesta-1.jpeg?resize=150%2C150&amp;ssl=1 150w, https:\/\/i0.wp.com\/projecthybrids.com\/sonjastreck\/wp-content\/uploads\/2024\/09\/manifesta-1.jpeg?resize=2000%2C2000&amp;ssl=1 2000w, https:\/\/i0.wp.com\/projecthybrids.com\/sonjastreck\/wp-content\/uploads\/2024\/09\/manifesta-1.jpeg?w=2048&amp;ssl=1 2048w, https:\/\/i0.wp.com\/projecthybrids.com\/sonjastreck\/wp-content\/uploads\/2024\/09\/manifesta-1.jpeg?w=1900&amp;ssl=1 1900w\" sizes=\"auto, (max-width: 950px) 100vw, 950px\" \/><\/figure>\n\n\n\n<hr class=\"wp-block-separator has-alpha-channel-opacity\"\/>\n\n\n\n<p>Evento a Siracusa, su iniziativa della Montevergine Arte Contemporanea, mirato a un capovolgimento del serio, ma ormai convenzionale clima celebrativo che caratterizza la ricorrenza dell&#8217;8 marzo, cosiddetta Festa della Donna.<\/p>\n\n\n\n<p>L&#8217;8 Marzo del 1909 a Torino, serata futurista in cui Filippo Tommaso Marinetti legge i manifesti futuristi. Gli artisti si esibivano con happening, declamavano poesie o improntavano spettacoli musicali. Il tutto in un clima di provocazione scatenato dalle idee futuriste. Un vitalismo teso ad abbattere ogni tradizione nell&#8217;arte, nel teatro, nella poesia, nell&#8217;architettura, nella musica, e nella societ\u00e0 in genere.<\/p>\n\n\n\n<p>Ed ecco, 1&#8217;8 Marzo 2024, una serata di ispirazione futurista, alla Montevergine Arte Contemporanea, a Siracusa con performance variegate, scrittura, poesia, recitazione, video, happening, con un&#8217;attenzione particolare alla donna grazie ai contributi di artiste, professioniste e intellettuali.<\/p>\n\n\n\n<figure class=\"wp-block-image alignwide size-large\"><img data-recalc-dims=\"1\" loading=\"lazy\" decoding=\"async\" width=\"819\" height=\"1024\" src=\"https:\/\/i0.wp.com\/projecthybrids.com\/sonjastreck\/wp-content\/uploads\/2024\/09\/manifest-public-02.jpeg?resize=819%2C1024&#038;ssl=1\" alt=\"\" class=\"wp-image-484\" srcset=\"https:\/\/i0.wp.com\/projecthybrids.com\/sonjastreck\/wp-content\/uploads\/2024\/09\/manifest-public-02.jpeg?resize=819%2C1024&amp;ssl=1 819w, https:\/\/i0.wp.com\/projecthybrids.com\/sonjastreck\/wp-content\/uploads\/2024\/09\/manifest-public-02.jpeg?resize=240%2C300&amp;ssl=1 240w, https:\/\/i0.wp.com\/projecthybrids.com\/sonjastreck\/wp-content\/uploads\/2024\/09\/manifest-public-02.jpeg?w=1638&amp;ssl=1 1638w\" sizes=\"auto, (max-width: 819px) 100vw, 819px\" \/><\/figure>\n\n\n\n<p>Un&#8217;occasione per dare impulso nuovo a quella ricorrenza annuale: al di l\u00e0 dell&#8217;abituale, pura manifestazione femminista, ecco un evento teso a provocare un cambiamento di ampio raggio, culturale, linguistico, comportamentale. Al di l\u00e0, quindi, stanchi stereotipi o abitudini radicate che facilmente si traducono in un controproducente abuso dell&#8217;immagine della donna, in un impatto negativo dell&#8217;informazione e della comunicazione, cosa che svilisce le capacit\u00e0 della donna, ferendone persino la dignit\u00e0.<\/p>\n\n\n\n<p>Il progetto &#8220;MANIFESTA\/re Taci anzi parla&#8221; trae ispirazione dal libro &#8220;La citt\u00e0 delle dame&#8221; di CHRISTINE de Pizan, (Parigi, 1404\/1405). Considerata tra le figure pi\u00f9 interessanti e significative del panorama letterario francese, Christine fu la prima scrittrice professionista della storia. Con la sua scrittura esalt\u00f2 il valore esteso e le virt\u00f9 della donna contrastando una lunga tradizione misogina. Quasi dantescamente guidata di tre dame &#8211; Ragione, Rettitudine e Giustizia &#8211; nel suo libro l&#8217;autrice costruisce una visionaria citt\u00e0 fortificata, abitata solo da donne: regine, guerriere, poetesse, scienziate, quasi a sfidare una secolare tradizione dei segni del dominio maschile presente nel martirio delle vergini. Ma vi abitano anche donne comuni che con il proprio coraggio si sono sacrificate per una societ\u00e0 migliore. Come nel libro di Christine anche le vie del centro storico della citt\u00e0 di Siracusa diventano luogo ideale dove l&#8217;arte pu\u00f2 ancora una volta esprimersi sulle problematiche sociali, in questo caso, legate alle violenze di genere come eminente fatto culturale.<\/p>\n\n\n\n<figure class=\"wp-block-image alignwide size-large\"><img data-recalc-dims=\"1\" height=\"1024\" width=\"620\" decoding=\"async\" src=\"https:\/\/i0.wp.com\/projecthybrids.com\/sonjastreck\/wp-content\/uploads\/2024\/09\/manifest-public-01-e1727587179136-620x1024.jpeg?resize=620%2C1024&#038;ssl=1\" alt=\"\" class=\"wp-image-483\"\/><\/figure>\n\n\n\n<p>I manifesti creati dalle artiste ed esibiti sui muri di Siracusa contaminano lo spazio urbano e provocano un dibattito sulla discriminazione e gli abusi di genere ancora radicati nella societ\u00e0 odierna.<\/p>\n\n\n\n<p>Un messaggio necessario di sorellanza tout court a fronte delle difficolt\u00e0 che si presentano quotidianamente nella vita di una donna.<\/p>\n\n\n\n<p>Dame creative, donne virtuose e intellettuali, consapevoli delle loro capacit\u00e0 e che hanno qualcosa da dire nei confronti di una societ\u00e0 che il pi\u00f9 delle volte issa la bandiera del femminismo ma nella pratica eludendo l&#8217;azione concreta, soprattutto in quel luogo deputato alla crescita che \u00e8 la cultura.<\/p>\n\n\n\n<p>Come disse il sempre luminoso Marshall McLuhan, la citt\u00e0 interpreta i simboli, trasporta e include nel suo etimo l&#8217;idea di convogliare informazioni e messaggi. Quindi, ogni forma di comunicazione all&#8217;interno della citt\u00e0 diventa spazio di narrazione.<\/p>\n\n\n\n<p>Questo progetto vuole offrire una chiave di lettura e un modo di sensibilizzare l&#8217;opinione pubblica. Anche negli anni Ottanta Basquiat, Kenny Sharf e Ronnie Cutrone, partendo dalle strade, con una forte e autonoma maniera di fare arte, catturarono l&#8217;attenzione attraverso l&#8217;uso di graffiti, urban stencil e adesivi di impronta creativa o dichiaratamente artistica.<\/p>\n\n\n\n<p>Con una vitalit\u00e0 che si ispira alle ricordate serate futuriste, ma senza lancio di pomodori, &#8220;MANIFESTA\/re Taci anzi parla&#8221; lancia messaggi forti e originali (anche per virt\u00f9 di arte). Anche perch\u00e9 l&#8217;innesto dei lavori nello spazio urbano apre relazioni, stimola il senso critico, sensibilizza sulla necessit\u00e0 del dialogo e l&#8217;urgenza delle risposte.<\/p>\n\n\n\n<p>Oltre alle artiste con 33 manifesti contribuiscono in vario modo all&#8217;evento intellettuali e professioniste, protagoniste in avanscoperta: tutte consapevoli delle loro capacit\u00e0 e che hanno qualcosa di dire a proposito delle discriminazioni e degli abusi che le donne, a causa di un tenace maschilismo incolto, subiscono quotidianamente: in casa, a scuola, nei luoghi di lavoro, sui social e in ogni forma di comunicazione che persiste (ad esempio la pubblicit\u00e0) su una bellezza giocata in modo equivoco. Le artiste coinvolte intendono avvalersi del potere dell&#8217;immagine e di una sana bellezza creativa. Un vero e proprio corto circuito con l&#8217;ordinario, un&#8217;improvvisa interferenza nella consuetudine.<\/p>\n\n\n\n<p>Nei manifesti i corpi, gli affetti e le pulsioni legate al mondo femminile si confrontano con la fotografia, la pittura, la grafica, il ricamo, il collage. Messaggi di libert\u00e0, coraggio, autenticit\u00e0, consapevolezza, capacit\u00e0 di rinascita. Si sa bene, peraltro, che a patire i disagi delle citt\u00e0 sempre meno sicure sono le donne.<\/p>\n\n\n\n<p>Articolo di Marilena Vita<\/p>\n\n\n\n<div style=\"height:28px\" aria-hidden=\"true\" class=\"wp-block-spacer\"><\/div>\n\n\n\n<p>CONTRIBUTI CREATIVI E PROFESSIONALI<\/p>\n\n\n\n<p>Simona Basile (docente), Izabela Buccheri (docente), Anna Caruso (architetto), Ornella Fazzina (docente), Alice Ferlito (attrice teatrale), Daniela Frisone (scrittrice e giornalista), Sabrina Gambino (Procuratore della Repubblica), Angela Passarello (artista e poetessa), Giorgia Romano (curatrice d&#8217;arte), Francesca Scalet (docente) e Rosa Rita Virgillito (psicologa)<\/p>\n","protected":false},"excerpt":{"rendered":"<p>MANIFESTA\/re Taci anzi parla per una svolta nella celebrazione dell&#8217;8 marzo 2024 ispirata da CHRISTINE de Pizan, 1364-1429 con uno sguardo a Marinetti e alla sua prima serata futurista ARTISTE Eliana Adorno, Triana Ari\u00e8, Tiziana Blanco, Antonella Casazza, Margherita Davi, Adolfina De Stefani, Daniela Di Mase, Marina Falco, Antonella Fiorillo, Loredana Galante, Antonietta Grandesso, Carla &hellip; <\/p>\n<p class=\"link-more\"><a href=\"https:\/\/projecthybrids.com\/sonjastreck\/manifesta-re-taci-anzi-parla\/\" class=\"more-link\">Read more<span class=\"screen-reader-text\"> &#8220;MANIFESTA\/re Taci anzi parla&#8221;<\/span><\/a><\/p>\n","protected":false},"author":1,"featured_media":462,"parent":0,"menu_order":0,"comment_status":"closed","ping_status":"closed","template":"","meta":{"advanced_seo_description":"","jetpack_seo_html_title":"","jetpack_seo_noindex":false,"inspiro_hide_title":false,"footnotes":""},"class_list":["post-451","page","type-page","status-publish","has-post-thumbnail","hentry"],"jetpack_sharing_enabled":true,"jetpack-related-posts":[],"jetpack_shortlink":"https:\/\/wp.me\/Pg0sEg-7h","_links":{"self":[{"href":"https:\/\/projecthybrids.com\/sonjastreck\/wp-json\/wp\/v2\/pages\/451","targetHints":{"allow":["GET"]}}],"collection":[{"href":"https:\/\/projecthybrids.com\/sonjastreck\/wp-json\/wp\/v2\/pages"}],"about":[{"href":"https:\/\/projecthybrids.com\/sonjastreck\/wp-json\/wp\/v2\/types\/page"}],"author":[{"embeddable":true,"href":"https:\/\/projecthybrids.com\/sonjastreck\/wp-json\/wp\/v2\/users\/1"}],"replies":[{"embeddable":true,"href":"https:\/\/projecthybrids.com\/sonjastreck\/wp-json\/wp\/v2\/comments?post=451"}],"version-history":[{"count":7,"href":"https:\/\/projecthybrids.com\/sonjastreck\/wp-json\/wp\/v2\/pages\/451\/revisions"}],"predecessor-version":[{"id":485,"href":"https:\/\/projecthybrids.com\/sonjastreck\/wp-json\/wp\/v2\/pages\/451\/revisions\/485"}],"wp:featuredmedia":[{"embeddable":true,"href":"https:\/\/projecthybrids.com\/sonjastreck\/wp-json\/wp\/v2\/media\/462"}],"wp:attachment":[{"href":"https:\/\/projecthybrids.com\/sonjastreck\/wp-json\/wp\/v2\/media?parent=451"}],"curies":[{"name":"wp","href":"https:\/\/api.w.org\/{rel}","templated":true}]}}